{"id":3272,"date":"2018-06-30T02:50:02","date_gmt":"2018-06-30T02:50:02","guid":{"rendered":"https:\/\/mmove.dreamhosters.com\/?page_id=3272"},"modified":"2020-08-06T15:07:35","modified_gmt":"2020-08-06T15:07:35","slug":"le-menu","status":"publish","type":"page","link":"https:\/\/bullseyetremblant.com\/index.php\/le-menu\/","title":{"rendered":"Le Menu"},"content":{"rendered":"<p>[vc_row css=\u00a0\u00bb.vc_custom_1447685263059{padding-bottom: 20px !important;}\u00a0\u00bb][vc_column offset=\u00a0\u00bbvc_col-lg-6 vc_col-md-6&Prime;][mkdf_restaurant_menu_list title=\u00a0\u00bbEntr\u00e9es\u00a0\u00bb title_position=\u00a0\u00bb\u00a0\u00bb order_by=\u00a0\u00bbdate\u00a0\u00bb order=\u00a0\u00bbASC\u00a0\u00bb menu_section=\u00a0\u00bbentrees-1&Prime; number=\u00a0\u00bb-1&Prime;][vc_empty_space height=\u00a0\u00bb40px\u00a0\u00bb][\/vc_column][vc_column offset=\u00a0\u00bbvc_col-lg-6 vc_col-md-6&Prime;][mkdf_restaurant_menu_list title_position=\u00a0\u00bb\u00a0\u00bb order_by=\u00a0\u00bbdate\u00a0\u00bb order=\u00a0\u00bbASC\u00a0\u00bb menu_section=\u00a0\u00bbentrees-2&Prime; number=\u00a0\u00bb-1&Prime;][mkdf_restaurant_menu_list title=\u00a0\u00bbAiles de poulet Buffalo\u00a0\u00bb title_position=\u00a0\u00bb\u00a0\u00bb order_by=\u00a0\u00bbmenu_order\u00a0\u00bb order=\u00a0\u00bbASC\u00a0\u00bb menu_section=\u00a0\u00bbailes\u00a0\u00bb number=\u00a0\u00bb-1&Prime;][vc_empty_space height=\u00a0\u00bb40px\u00a0\u00bb][\/vc_column][\/vc_row][vc_row row_type=\u00a0\u00bbparallax\u00a0\u00bb full_screen_section_height=\u00a0\u00bbno\u00a0\u00bb css=\u00a0\u00bb.vc_custom_1528948358363{margin-right: 0px !important;margin-left: 0px !important;padding-top: 102px !important;padding-bottom: 103px !important;background-image: url(https:\/\/bullseyetremblant.com\/wp-content\/uploads\/2018\/06\/salad-parallax.jpg?id=3125) !important;}\u00a0\u00bb][vc_column offset=\u00a0\u00bbvc_hidden-md vc_hidden-sm vc_hidden-xs\u00a0\u00bb][vc_empty_space height=\u00a0\u00bb150px\u00a0\u00bb][\/vc_column][\/vc_row][vc_row css=\u00a0\u00bb.vc_custom_1447685269603{padding-top: 60px !important;padding-bottom: 20px !important;}\u00a0\u00bb][vc_column offset=\u00a0\u00bbvc_col-lg-6 vc_col-md-6&Prime;][mkdf_restaurant_menu_list title=\u00a0\u00bbSalades\u00a0\u00bb title_position=\u00a0\u00bb\u00a0\u00bb order_by=\u00a0\u00bbdate\u00a0\u00bb order=\u00a0\u00bbASC\u00a0\u00bb menu_section=\u00a0\u00bbsalades\u00a0\u00bb number=\u00a0\u00bb-1&Prime;][mkdf_restaurant_menu_list title=\u00a0\u00bb P\u00e2tes\u00a0\u00bb title_position=\u00a0\u00bb\u00a0\u00bb order_by=\u00a0\u00bbdate\u00a0\u00bb order=\u00a0\u00bbASC\u00a0\u00bb menu_section=\u00a0\u00bbpates\u00a0\u00bb number=\u00a0\u00bb-1&Prime;][vc_empty_space height=\u00a0\u00bb40px\u00a0\u00bb][\/vc_column][vc_column offset=\u00a0\u00bbvc_col-lg-6 vc_col-md-6&Prime;][mkdf_restaurant_menu_list title=\u00a0\u00bbSandwichs\u00a0\u00bb title_position=\u00a0\u00bb\u00a0\u00bb order_by=\u00a0\u00bbdate\u00a0\u00bb order=\u00a0\u00bbASC\u00a0\u00bb menu_section=\u00a0\u00bbsandwichs\u00a0\u00bb number=\u00a0\u00bb-1&Prime;][vc_empty_space height=\u00a0\u00bb10px\u00a0\u00bb][vc_column_text css=\u00a0\u00bb.vc_custom_1532792902596{border-radius: 2px !important;}\u00a0\u00bb]<\/p>\n<hr \/>\n<p style=\"text-align: center;\"><em><strong>Remplacez votre frite par une poutine ou une salade c\u00e9sar ou la salade maison, ajoutez 3,00<\/strong><\/em><\/p>\n<hr \/>\n<p>[\/vc_column_text][vc_empty_space height=\u00a0\u00bb40px\u00a0\u00bb][\/vc_column][\/vc_row][vc_row row_type=\u00a0\u00bbparallax\u00a0\u00bb full_screen_section_height=\u00a0\u00bbno\u00a0\u00bb css=\u00a0\u00bb.vc_custom_1528948709643{margin-right: 0px !important;margin-left: 0px !important;padding-top: 102px !important;padding-bottom: 103px !important;background-image: url(https:\/\/bullseyetremblant.com\/wp-content\/uploads\/2018\/06\/burger-parallax.jpg?id=3127) !important;}\u00a0\u00bb][vc_column offset=\u00a0\u00bbvc_hidden-md vc_hidden-sm vc_hidden-xs\u00a0\u00bb][vc_empty_space height=\u00a0\u00bb150px\u00a0\u00bb][\/vc_column][\/vc_row][vc_row css=\u00a0\u00bb.vc_custom_1447758364055{padding-top: 60px !important;padding-bottom: 24px !important;}\u00a0\u00bb][vc_column offset=\u00a0\u00bbvc_col-lg-6 vc_col-md-6&Prime;][mkdf_restaurant_menu_list title=\u00a0\u00bbBurgers\u00a0\u00bb title_position=\u00a0\u00bb\u00a0\u00bb order_by=\u00a0\u00bbdate\u00a0\u00bb order=\u00a0\u00bbASC\u00a0\u00bb menu_section=\u00a0\u00bbburgers-fr\u00a0\u00bb number=\u00a0\u00bb-1&Prime;][vc_empty_space height=\u00a0\u00bb10px\u00a0\u00bb][vc_column_text css=\u00a0\u00bb.vc_custom_1532793146715{border-radius: 2px !important;}\u00a0\u00bb]<\/p>\n<hr \/>\n<p style=\"text-align: center;\"><em><strong>Tous nos burgers sont cuits sur le grill et pr\u00e9par\u00e9s \u00e0 partir de boeuf 100% canadien. Ils sont servis sur un pain grill\u00e9 avec laitue, tomate, oignons et accompagn\u00e9s d\u2019une portion de frites.<\/strong><\/em><\/p>\n<hr \/>\n<p>[\/vc_column_text][vc_empty_space height=\u00a0\u00bb40px\u00a0\u00bb][mkdf_restaurant_menu_list title=\u00a0\u00bbPoutine\u00a0\u00bb title_position=\u00a0\u00bb\u00a0\u00bb order_by=\u00a0\u00bbdate\u00a0\u00bb order=\u00a0\u00bbASC\u00a0\u00bb menu_section=\u00a0\u00bbpoutine-fr\u00a0\u00bb number=\u00a0\u00bb-1&Prime;][vc_empty_space height=\u00a0\u00bb40px\u00a0\u00bb][\/vc_column][vc_column offset=\u00a0\u00bbvc_col-lg-6 vc_col-md-6&Prime;][mkdf_restaurant_menu_list title=\u00a0\u00bbPlats principaux\u00a0\u00bb title_position=\u00a0\u00bb\u00a0\u00bb order_by=\u00a0\u00bbdate\u00a0\u00bb order=\u00a0\u00bbASC\u00a0\u00bb menu_section=\u00a0\u00bbplats\u00a0\u00bb number=\u00a0\u00bb-1&Prime;][mkdf_restaurant_menu_list title=\u00a0\u00bbPoisson\u00a0\u00bb title_position=\u00a0\u00bb\u00a0\u00bb order_by=\u00a0\u00bbdate\u00a0\u00bb order=\u00a0\u00bbASC\u00a0\u00bb menu_section=\u00a0\u00bbpoisson\u00a0\u00bb number=\u00a0\u00bb-1&Prime;][vc_empty_space height=\u00a0\u00bb40px\u00a0\u00bb][\/vc_column][\/vc_row][vc_row row_type=\u00a0\u00bbparallax\u00a0\u00bb full_screen_section_height=\u00a0\u00bbno\u00a0\u00bb css=\u00a0\u00bb.vc_custom_1528949085376{margin-right: 0px !important;margin-left: 0px !important;padding-top: 102px !important;padding-bottom: 103px !important;background-image: url(https:\/\/bullseyetremblant.com\/wp-content\/uploads\/2018\/06\/steak-parallax.jpg?id=3129) !important;}\u00a0\u00bb][vc_column offset=\u00a0\u00bbvc_hidden-md vc_hidden-sm vc_hidden-xs\u00a0\u00bb][vc_empty_space height=\u00a0\u00bb150px\u00a0\u00bb][\/vc_column][\/vc_row][vc_row css=\u00a0\u00bb.vc_custom_1447758364055{padding-top: 60px !important;padding-bottom: 24px !important;}\u00a0\u00bb][vc_column offset=\u00a0\u00bbvc_col-lg-6 vc_col-md-6&Prime;][mkdf_restaurant_menu_list title=\u00a0\u00bbBifteck\u00a0\u00bb title_position=\u00a0\u00bb\u00a0\u00bb order_by=\u00a0\u00bbdate\u00a0\u00bb order=\u00a0\u00bbASC\u00a0\u00bb menu_section=\u00a0\u00bbbifteck-1&Prime; number=\u00a0\u00bb-1&Prime;][vc_empty_space height=\u00a0\u00bb40px\u00a0\u00bb][\/vc_column][vc_column offset=\u00a0\u00bbvc_col-lg-6 vc_col-md-6&Prime;][mkdf_restaurant_menu_list title_position=\u00a0\u00bb\u00a0\u00bb order_by=\u00a0\u00bbdate\u00a0\u00bb order=\u00a0\u00bbASC\u00a0\u00bb menu_section=\u00a0\u00bbbifteck-2&Prime; number=\u00a0\u00bb-1&Prime;][vc_empty_space height=\u00a0\u00bb10px\u00a0\u00bb][vc_column_text css=\u00a0\u00bb.vc_custom_1532793706812{border-radius: 2px !important;}\u00a0\u00bb]<\/p>\n<hr \/>\n<p style=\"text-align: center;\"><em><strong>Toutes nos viandes rouges sont vieillies avec soin pendant au moins 28 jours et grill\u00e9es \u00e0 votre satisfaction. Elles sont grill\u00e9es avec des \u00e9pices maison, servies avec la sauce aux poivres Bullseye et accompagn\u00e9es des l\u00e9gumes du jour.<\/strong><\/em><\/p>\n<hr \/>\n<p>[\/vc_column_text][vc_empty_space height=\u00a0\u00bb10px\u00a0\u00bb][vc_column_text css=\u00a0\u00bb.vc_custom_1532793729653{border-radius: 2px !important;}\u00a0\u00bb]<\/p>\n<hr \/>\n<p style=\"text-align: center;\"><em><strong>Pour 3,95 d\u2019extra, vous avez le choix de : salade maison ou salade c\u00e9sar ou votre choix de soupe maison.<\/strong><\/em><\/p>\n<hr \/>\n<p>[\/vc_column_text][vc_empty_space height=\u00a0\u00bb10px\u00a0\u00bb][vc_column_text css=\u00a0\u00bb.vc_custom_1530329807960{border-radius: 2px !important;}\u00a0\u00bb]<\/p>\n<hr \/>\n<p style=\"text-align: center;\"><em><strong><span style=\"color: #ff0000;\">Suggestion du chef:<\/span>\u00a0Bien cuit NON recommand\u00e9 pour toutes nos viandes.<\/strong><\/em><\/p>\n<hr \/>\n<p>[\/vc_column_text][vc_empty_space height=\u00a0\u00bb40px\u00a0\u00bb][\/vc_column][\/vc_row][vc_row row_type=\u00a0\u00bbparallax\u00a0\u00bb full_screen_section_height=\u00a0\u00bbno\u00a0\u00bb css=\u00a0\u00bb.vc_custom_1528948195764{margin-right: 0px !important;margin-left: 0px !important;padding-top: 102px !important;padding-bottom: 103px !important;background-image: url(https:\/\/bullseyetremblant.com\/wp-content\/uploads\/2018\/06\/kids-parallax.jpg?id=3124) !important;}\u00a0\u00bb][vc_column offset=\u00a0\u00bbvc_hidden-md vc_hidden-sm vc_hidden-xs\u00a0\u00bb][vc_empty_space height=\u00a0\u00bb150px\u00a0\u00bb][\/vc_column][\/vc_row][vc_row][vc_column][vc_empty_space height=\u00a0\u00bb60px\u00a0\u00bb][vc_column_text css=\u00a0\u00bb.vc_custom_1530329980270{border-radius: 2px !important;}\u00a0\u00bb]<\/p>\n<hr \/>\n<p style=\"text-align: center;\"><em><strong>Pour les enfants de 12 ans et moins.<\/strong><\/em><\/p>\n<hr \/>\n<p>[\/vc_column_text][\/vc_column][\/vc_row][vc_row css=\u00a0\u00bb.vc_custom_1528083364483{padding-top: 0px !important;padding-bottom: 24px !important;}\u00a0\u00bb][vc_column offset=\u00a0\u00bbvc_col-lg-6 vc_col-md-6&Prime;][mkdf_restaurant_menu_list title=\u00a0\u00bbMenu Enfants\u00a0\u00bb title_position=\u00a0\u00bb\u00a0\u00bb order_by=\u00a0\u00bbdate\u00a0\u00bb order=\u00a0\u00bbASC\u00a0\u00bb menu_section=\u00a0\u00bbenfants-1&Prime; number=\u00a0\u00bb-1&Prime;][vc_empty_space height=\u00a0\u00bb40px\u00a0\u00bb][\/vc_column][vc_column offset=\u00a0\u00bbvc_col-lg-6 vc_col-md-6&Prime;][mkdf_restaurant_menu_list title_position=\u00a0\u00bb\u00a0\u00bb order_by=\u00a0\u00bbdate\u00a0\u00bb order=\u00a0\u00bbASC\u00a0\u00bb menu_section=\u00a0\u00bbenfants-2&Prime; number=\u00a0\u00bb-1&Prime;][vc_empty_space height=\u00a0\u00bb40px\u00a0\u00bb][\/vc_column][\/vc_row]<\/p>\n","protected":false},"excerpt":{"rendered":"<p>[vc_row css=\u00a0\u00bb.vc_custom_1447685263059{padding-bottom: 20px !important;}\u00a0\u00bb][vc_column offset=\u00a0\u00bbvc_col-lg-6 vc_col-md-6&Prime;][mkdf_restaurant_menu_list title=\u00a0\u00bbEntr\u00e9es\u00a0\u00bb title_position=\u00a0\u00bb\u00a0\u00bb order_by=\u00a0\u00bbdate\u00a0\u00bb order=\u00a0\u00bbASC\u00a0\u00bb menu_section=\u00a0\u00bbentrees-1&Prime; number=\u00a0\u00bb-1&Prime;][vc_empty_space height=\u00a0\u00bb40px\u00a0\u00bb][\/vc_column][vc_column offset=\u00a0\u00bbvc_col-lg-6 vc_col-md-6&Prime;][mkdf_restaurant_menu_list title_position=\u00a0\u00bb\u00a0\u00bb order_by=\u00a0\u00bbdate\u00a0\u00bb order=\u00a0\u00bbASC\u00a0\u00bb menu_section=\u00a0\u00bbentrees-2&Prime; number=\u00a0\u00bb-1&Prime;][mkdf_restaurant_menu_list title=\u00a0\u00bbAiles de poulet Buffalo\u00a0\u00bb title_position=\u00a0\u00bb\u00a0\u00bb order_by=\u00a0\u00bbmenu_order\u00a0\u00bb order=\u00a0\u00bbASC\u00a0\u00bb menu_section=\u00a0\u00bbailes\u00a0\u00bb number=\u00a0\u00bb-1&Prime;][vc_empty_space height=\u00a0\u00bb40px\u00a0\u00bb][\/vc_column][\/vc_row][vc_row row_type=\u00a0\u00bbparallax\u00a0\u00bb full_screen_section_height=\u00a0\u00bbno\u00a0\u00bb css=\u00a0\u00bb.vc_custom_1528948358363{margin-right: 0px !important;margin-left: 0px !important;padding-top: 102px !important;padding-bottom: 103px !important;background-image: url(https:\/\/bullseyetremblant.com\/wp-content\/uploads\/2018\/06\/salad-parallax.jpg?id=3125) !important;}\u00a0\u00bb][vc_column offset=\u00a0\u00bbvc_hidden-md vc_hidden-sm vc_hidden-xs\u00a0\u00bb][vc_empty_space height=\u00a0\u00bb150px\u00a0\u00bb][\/vc_column][\/vc_row][vc_row css=\u00a0\u00bb.vc_custom_1447685269603{padding-top: 60px !important;padding-bottom: 20px !important;}\u00a0\u00bb][vc_column offset=\u00a0\u00bbvc_col-lg-6 vc_col-md-6&Prime;][mkdf_restaurant_menu_list title=\u00a0\u00bbSalades\u00a0\u00bb &hellip; <\/p>\n<p class=\"link-more\"><a href=\"https:\/\/bullseyetremblant.com\/index.php\/le-menu\/\" class=\"more-link\">Continuer la lecture <span class=\"screen-reader-text\"> \u00ab\u00a0Le Menu\u00a0\u00bb<\/span><\/a><\/p>\n","protected":false},"author":1,"featured_media":0,"parent":0,"menu_order":0,"comment_status":"closed","ping_status":"closed","template":"","meta":{"footnotes":""},"_links":{"self":[{"href":"https:\/\/bullseyetremblant.com\/index.php\/wp-json\/wp\/v2\/pages\/3272"}],"collection":[{"href":"https:\/\/bullseyetremblant.com\/index.php\/wp-json\/wp\/v2\/pages"}],"about":[{"href":"https:\/\/bullseyetremblant.com\/index.php\/wp-json\/wp\/v2\/types\/page"}],"author":[{"embeddable":true,"href":"https:\/\/bullseyetremblant.com\/index.php\/wp-json\/wp\/v2\/users\/1"}],"replies":[{"embeddable":true,"href":"https:\/\/bullseyetremblant.com\/index.php\/wp-json\/wp\/v2\/comments?post=3272"}],"version-history":[{"count":8,"href":"https:\/\/bullseyetremblant.com\/index.php\/wp-json\/wp\/v2\/pages\/3272\/revisions"}],"predecessor-version":[{"id":3436,"href":"https:\/\/bullseyetremblant.com\/index.php\/wp-json\/wp\/v2\/pages\/3272\/revisions\/3436"}],"wp:attachment":[{"href":"https:\/\/bullseyetremblant.com\/index.php\/wp-json\/wp\/v2\/media?parent=3272"}],"curies":[{"name":"wp","href":"https:\/\/api.w.org\/{rel}","templated":true}]}}