{"id":3409,"date":"2018-07-23T03:18:45","date_gmt":"2018-07-23T03:18:45","guid":{"rendered":"https:\/\/mmove.dreamhosters.com\/?page_id=3409"},"modified":"2018-07-28T14:46:50","modified_gmt":"2018-07-28T14:46:50","slug":"groupes-et-evenements","status":"publish","type":"page","link":"https:\/\/bullseyetremblant.com\/index.php\/groupes-et-evenements\/","title":{"rendered":"Groupes et \u00e9v\u00e9nements"},"content":{"rendered":"<p>[vc_row content_width=\u00a0\u00bbgrid\u00a0\u00bb][vc_column offset=\u00a0\u00bbvc_col-lg-7 vc_col-md-12&Prime;][vc_empty_space height=\u00a0\u00bb60&Prime;][vc_column_text]<\/p>\n<h2 style=\"text-align: center;\">Vous \u00eates \u00e0 la recherche d\u2019un endroit g\u00e9nial pour votre prochain \u00e9v\u00e8nement?<\/h2>\n<p>[\/vc_column_text][vc_empty_space height=\u00a0\u00bb19px\u00a0\u00bb][vc_column_text]Le Bullseye est parfait pour tous les types de r\u00e9ceptions, petites ou grandes. Notre restaurant est plus qu\u2019\u00e9quip\u00e9 pour r\u00e9pondre \u00e0 vos besoins. Si vous d\u00e9sirez une r\u00e9ception plus intime, une salle priv\u00e9e pouvant accueillir jusqu\u2019\u00e0 80 personnes est \u00e0 votre disposition. Vous pouvez \u00e9galement r\u00e9server le restaurant en entier pour des groupes pouvant comporter jusqu\u2019\u00e0 170 personnes.<\/p>\n<p>Pour toutes questions ou demandes sp\u00e9cifiques \u00e0 ce sujet, nous vous invitons \u00e0 nous contacter par t\u00e9l\u00e9phone au 819-681-BULL (2855) ou par courriel \u00e0 info@bullseyetremblant.com. Nous vous proposerons ainsi la solution la plus appropri\u00e9e pour assurer que votre \u00e9v\u00e8nement soit bel et bien un succ\u00e8s. Animation \u00e9galement disponible : micro, DJ, groupe de musique, etc.<\/p>\n<p>Menu de groupe est \u00e9galement disponible : il varie selon les besoins et les demandes. Faites-nous part de vos pr\u00e9f\u00e9rences![\/vc_column_text][vc_empty_space height=\u00a0\u00bb74px\u00a0\u00bb][mkdf_tabs style=\u00a0\u00bbvertical_with_text\u00a0\u00bb][mkdf_tab icon_pack=\u00a0\u00bbfont_awesome\u00a0\u00bb fa_icon=\u00a0\u00bb\u00a0\u00bb tab_title=\u00a0\u00bbMENU DU JOUR\u00a0\u00bb][vc_column_text]<\/p>\n<h2 style=\"text-align: center;\"><a href=\"https:\/\/bullseyetremblant.com\/wp-content\/uploads\/2018\/07\/menu_groupe_lunch1.pdf\" target=\"_blank\" rel=\"noopener\">MENU DU JOUR (OPTION 1)<\/a><\/h2>\n<h2 style=\"text-align: center;\"><a href=\"https:\/\/bullseyetremblant.com\/wp-content\/uploads\/2018\/07\/menu_groupe_lunch2.pdf\" target=\"_blank\" rel=\"noopener\">MENU DU JOUR (OPTION 2)<\/a><\/h2>\n<p>[\/vc_column_text][\/mkdf_tab][mkdf_tab icon_pack=\u00a0\u00bbfont_awesome\u00a0\u00bb fa_icon=\u00a0\u00bb\u00a0\u00bb tab_title=\u00a0\u00bbMENU DE SOIR\u00a0\u00bb][vc_column_text]<\/p>\n<h2 style=\"text-align: center;\"><a href=\"https:\/\/bullseyetremblant.com\/wp-content\/uploads\/2018\/07\/menu_groupe_soir1.pdf\" target=\"_blank\" rel=\"noopener\">MENU DE SOIR (OPTION 1)<\/a><\/h2>\n<h2 style=\"text-align: center;\"><a href=\"https:\/\/bullseyetremblant.com\/wp-content\/uploads\/2018\/07\/menu_groupe_soir2.pdf\" target=\"_blank\" rel=\"noopener\">MENU DE SOIR (OPTION 2)<\/a><\/h2>\n<h2 style=\"text-align: center;\"><a href=\"https:\/\/bullseyetremblant.com\/wp-content\/uploads\/2018\/07\/menu_groupe_soir3.pdf\" target=\"_blank\" rel=\"noopener\">MENU DE SOIR (OPTION 3)<\/a><\/h2>\n<h2 style=\"text-align: center;\"><a href=\"https:\/\/bullseyetremblant.com\/wp-content\/uploads\/2018\/07\/menu_groupe_soir_luxe.pdf\" target=\"_blank\" rel=\"noopener\">MENU DE SOIR LUXE<\/a><\/h2>\n<p>[\/vc_column_text][\/mkdf_tab][mkdf_tab icon_pack=\u00a0\u00bbfont_awesome\u00a0\u00bb fa_icon=\u00a0\u00bbfa-book\u00a0\u00bb tab_title=\u00a0\u00bbMENUS SP\u00c9CIAUX\u00a0\u00bb][vc_column_text]<\/p>\n<h2 style=\"text-align: center;\"><a href=\"https:\/\/bullseyetremblant.com\/wp-content\/uploads\/2018\/07\/menu_noel.pdf\" target=\"_blank\" rel=\"noopener\">VEILLE DU NOUVEL AN<\/a><\/h2>\n<h2 style=\"text-align: center;\"><a href=\"https:\/\/bullseyetremblant.com\/wp-content\/uploads\/2018\/07\/carte_bullseye.pdf\" target=\"_blank\" rel=\"noopener\">CARTE BULLSEYE<\/a><\/h2>\n<p>[\/vc_column_text][\/mkdf_tab][\/mkdf_tabs][vc_empty_space height=\u00a0\u00bb40px\u00a0\u00bb][\/vc_column][vc_column offset=\u00a0\u00bbvc_col-lg-5 vc_col-md-12&Prime;][vc_empty_space height=\u00a0\u00bb56&Prime;]<div role=\"form\" class=\"wpcf7\" id=\"wpcf7-f3416-o1\" lang=\"en-US\" dir=\"ltr\">\n<div class=\"screen-reader-response\"><\/div>\n<form action=\"\/index.php\/wp-json\/wp\/v2\/pages\/3409#wpcf7-f3416-o1\" method=\"post\" class=\"wpcf7-form cf7_custom_style_1\" novalidate=\"novalidate\">\n<div style=\"display: none;\">\n<input type=\"hidden\" name=\"_wpcf7\" value=\"3416\" \/>\n<input type=\"hidden\" name=\"_wpcf7_version\" value=\"5.1.6\" \/>\n<input type=\"hidden\" name=\"_wpcf7_locale\" value=\"en_US\" \/>\n<input type=\"hidden\" name=\"_wpcf7_unit_tag\" value=\"wpcf7-f3416-o1\" \/>\n<input type=\"hidden\" name=\"_wpcf7_container_post\" value=\"0\" \/>\n<\/div>\n<p><label> Votre nom (requis)<br \/>\n    <span class=\"wpcf7-form-control-wrap your-name\"><input type=\"text\" name=\"your-name\" value=\"\" size=\"40\" class=\"wpcf7-form-control wpcf7-text wpcf7-validates-as-required\" aria-required=\"true\" aria-invalid=\"false\" \/><\/span> <\/label><\/p>\n<p><label> Votre num\u00e9ro de t\u00e9l\u00e9phone (requis)<br \/>\n    <span class=\"wpcf7-form-control-wrap telephone\"><input type=\"tel\" name=\"telephone\" value=\"\" size=\"40\" class=\"wpcf7-form-control wpcf7-text wpcf7-tel wpcf7-validates-as-required wpcf7-validates-as-tel\" aria-required=\"true\" aria-invalid=\"false\" \/><\/span> <\/label><\/p>\n<p><label> Votre courriel (requis)<br \/>\n    <span class=\"wpcf7-form-control-wrap your-email\"><input type=\"email\" name=\"your-email\" value=\"\" size=\"40\" class=\"wpcf7-form-control wpcf7-text wpcf7-email wpcf7-validates-as-required wpcf7-validates-as-email\" aria-required=\"true\" aria-invalid=\"false\" \/><\/span> <\/label><\/p>\n<p><label> Nombre d\u2019invit\u00e9s (10 personnes minimum)<br \/>\n    <span class=\"wpcf7-form-control-wrap Numberofpeople\"><input type=\"number\" name=\"Numberofpeople\" value=\"\" class=\"wpcf7-form-control wpcf7-number wpcf7-validates-as-required wpcf7-validates-as-number\" min=\"10\" aria-required=\"true\" aria-invalid=\"false\" \/><\/span> <\/label><\/p>\n<p><label> Date de r\u00e9servation<br \/>\n    <span class=\"wpcf7-form-control-wrap DateRequested\"><input type=\"date\" name=\"DateRequested\" value=\"\" class=\"wpcf7-form-control wpcf7-date wpcf7-validates-as-required wpcf7-validates-as-date\" aria-required=\"true\" aria-invalid=\"false\" \/><\/span> <\/label><\/p>\n<p><label> Informations suppl\u00e9mentaires<br \/>\n    <span class=\"wpcf7-form-control-wrap additional-details\"><textarea name=\"additional-details\" cols=\"40\" rows=\"10\" class=\"wpcf7-form-control wpcf7-textarea\" aria-invalid=\"false\"><\/textarea><\/span> <\/label><\/p>\n<p><input type=\"submit\" value=\"Soumettre\" class=\"wpcf7-form-control wpcf7-submit\" \/><\/p>\n<p style=\"display: none !important;\" class=\"akismet-fields-container\" data-prefix=\"_wpcf7_ak_\"><label>&#916;<textarea name=\"_wpcf7_ak_hp_textarea\" cols=\"45\" rows=\"8\" maxlength=\"100\"><\/textarea><\/label><input type=\"hidden\" id=\"ak_js_1\" name=\"_wpcf7_ak_js\" value=\"61\"\/><script>document.getElementById( \"ak_js_1\" ).setAttribute( \"value\", ( new Date() ).getTime() );<\/script><\/p><div class=\"wpcf7-response-output wpcf7-display-none\"><\/div><\/form><\/div>[vc_empty_space height=\u00a0\u00bb40px\u00a0\u00bb][\/vc_column][\/vc_row][vc_row row_type=\u00a0\u00bbparallax\u00a0\u00bb content_width=\u00a0\u00bbgrid\u00a0\u00bb content_aligment=\u00a0\u00bbcenter\u00a0\u00bb full_screen_section_height=\u00a0\u00bbno\u00a0\u00bb parallax_background_image=\u00a0\u00bb292&Prime; css=\u00a0\u00bb.vc_custom_1447849739970{margin-right: 0px !important;margin-left: 0px !important;padding-top: 80px !important;padding-bottom: 33px !important;}\u00a0\u00bb][vc_column][vc_single_image image=\u00a0\u00bb103&Prime; img_size=\u00a0\u00bbfull\u00a0\u00bb alignment=\u00a0\u00bbcenter\u00a0\u00bb][vc_empty_space height=\u00a0\u00bb18px\u00a0\u00bb][vc_column_text]<\/p>\n<h2><span style=\"color: #ffffff;\">T\u00c9MOIGNAGES<\/span><\/h2>\n<p>[\/vc_column_text][vc_empty_space height=\u00a0\u00bb0px\u00a0\u00bb css=\u00a0\u00bb.vc_custom_1447330918632{margin-top: -20px !important;}\u00a0\u00bb][mkdf_testimonials testimonial_type=\u00a0\u00bbslider\u00a0\u00bb category=\u00a0\u00bbT\u00e9moignages\u00a0\u00bb number=\u00a0\u00bb3&Prime; autoplay_enabled=\u00a0\u00bbyes\u00a0\u00bb show_author=\u00a0\u00bbyes\u00a0\u00bb show_rating=\u00a0\u00bbyes\u00a0\u00bb nav_style=\u00a0\u00bblight\u00a0\u00bb disable_borders=\u00a0\u00bbno\u00a0\u00bb text_color=\u00a0\u00bb#ffffff\u00a0\u00bb][\/vc_column][\/vc_row][vc_row content_width=\u00a0\u00bbgrid\u00a0\u00bb css=\u00a0\u00bb.vc_custom_1447849510834{padding-top: 60px !important;padding-bottom: 15px !important;}\u00a0\u00bb][vc_column offset=\u00a0\u00bbvc_col-lg-4 vc_col-md-4&Prime;][mkdf_animations_holder css_animation=\u00a0\u00bbmkdf-element-from-bottom\u00a0\u00bb animation_delay=\u00a0\u00bb200&Prime;][vc_single_image image=\u00a0\u00bb3021&Prime; img_size=\u00a0\u00bbfull\u00a0\u00bb][vc_empty_space height=\u00a0\u00bb22px\u00a0\u00bb][vc_column_text]<\/p>\n<h4>Location<\/h4>\n<p>[\/vc_column_text][vc_empty_space height=\u00a0\u00bb11px\u00a0\u00bb][vc_column_text]Situ\u00e9 au c\u0153ur de la place St-Bernard \u00e0 Mont-Tremblant, notre restaurant est l\u2019endroit id\u00e9al pour venir d\u00e9guster un repas lors de vos promenades ou de votre s\u00e9jour \u00e0 la montagne.[\/vc_column_text][vc_empty_space height=\u00a0\u00bb40px\u00a0\u00bb][\/mkdf_animations_holder][\/vc_column][vc_column offset=\u00a0\u00bbvc_col-lg-4 vc_col-md-4&Prime;][mkdf_animations_holder css_animation=\u00a0\u00bbmkdf-element-from-bottom\u00a0\u00bb animation_delay=\u00a0\u00bb400&Prime;][vc_single_image image=\u00a0\u00bb3023&Prime; img_size=\u00a0\u00bbfull\u00a0\u00bb][vc_empty_space height=\u00a0\u00bb22px\u00a0\u00bb][vc_column_text]<\/p>\n<h4>UN PARFAIT ENDROIT DE RENCONTRE<\/h4>\n<p>[\/vc_column_text][vc_empty_space height=\u00a0\u00bb11px\u00a0\u00bb][vc_column_text]Bullseye dispose d\u2019un excellent bar qui est l\u2019endroit id\u00e9al pour se retrouver entre amis ou en famille autour d\u2019un verre ou d\u2019un bon repas.[\/vc_column_text][vc_empty_space height=\u00a0\u00bb40px\u00a0\u00bb][\/mkdf_animations_holder][\/vc_column][vc_column offset=\u00a0\u00bbvc_col-lg-4 vc_col-md-4&Prime;][mkdf_animations_holder css_animation=\u00a0\u00bbmkdf-element-from-bottom\u00a0\u00bb animation_delay=\u00a0\u00bb600&Prime;][vc_single_image image=\u00a0\u00bb3024&Prime; img_size=\u00a0\u00bbfull\u00a0\u00bb][vc_empty_space height=\u00a0\u00bb22px\u00a0\u00bb][vc_column_text]<\/p>\n<h4>Ambiance<\/h4>\n<p>[\/vc_column_text][vc_empty_space height=\u00a0\u00bb11px\u00a0\u00bb][vc_column_text]Notre salle \u00e0 manger offre un environnement et une exp\u00e9rience ph\u00e9nom\u00e9nale pour les diners de famille et les sorties de soir\u00e9e.[\/vc_column_text][vc_empty_space height=\u00a0\u00bb40px\u00a0\u00bb][\/mkdf_animations_holder][\/vc_column][\/vc_row]<\/p>\n","protected":false},"excerpt":{"rendered":"<p>[vc_row content_width=\u00a0\u00bbgrid\u00a0\u00bb][vc_column offset=\u00a0\u00bbvc_col-lg-7 vc_col-md-12&Prime;][vc_empty_space height=\u00a0\u00bb60&Prime;][vc_column_text] Vous \u00eates \u00e0 la recherche d\u2019un endroit g\u00e9nial pour votre prochain \u00e9v\u00e8nement? [\/vc_column_text][vc_empty_space height=\u00a0\u00bb19px\u00a0\u00bb][vc_column_text]Le Bullseye est parfait pour tous les types de r\u00e9ceptions, petites ou grandes. Notre restaurant est plus qu\u2019\u00e9quip\u00e9 pour r\u00e9pondre \u00e0 vos besoins. Si vous d\u00e9sirez une r\u00e9ception plus intime, une salle priv\u00e9e pouvant accueillir jusqu\u2019\u00e0 80 &hellip; <\/p>\n<p class=\"link-more\"><a href=\"https:\/\/bullseyetremblant.com\/index.php\/groupes-et-evenements\/\" class=\"more-link\">Continuer la lecture <span class=\"screen-reader-text\"> \u00ab\u00a0Groupes et \u00e9v\u00e9nements\u00a0\u00bb<\/span><\/a><\/p>\n","protected":false},"author":1,"featured_media":0,"parent":0,"menu_order":0,"comment_status":"closed","ping_status":"closed","template":"full-width.php","meta":{"footnotes":""},"_links":{"self":[{"href":"https:\/\/bullseyetremblant.com\/index.php\/wp-json\/wp\/v2\/pages\/3409"}],"collection":[{"href":"https:\/\/bullseyetremblant.com\/index.php\/wp-json\/wp\/v2\/pages"}],"about":[{"href":"https:\/\/bullseyetremblant.com\/index.php\/wp-json\/wp\/v2\/types\/page"}],"author":[{"embeddable":true,"href":"https:\/\/bullseyetremblant.com\/index.php\/wp-json\/wp\/v2\/users\/1"}],"replies":[{"embeddable":true,"href":"https:\/\/bullseyetremblant.com\/index.php\/wp-json\/wp\/v2\/comments?post=3409"}],"version-history":[{"count":6,"href":"https:\/\/bullseyetremblant.com\/index.php\/wp-json\/wp\/v2\/pages\/3409\/revisions"}],"predecessor-version":[{"id":3418,"href":"https:\/\/bullseyetremblant.com\/index.php\/wp-json\/wp\/v2\/pages\/3409\/revisions\/3418"}],"wp:attachment":[{"href":"https:\/\/bullseyetremblant.com\/index.php\/wp-json\/wp\/v2\/media?parent=3409"}],"curies":[{"name":"wp","href":"https:\/\/api.w.org\/{rel}","templated":true}]}}