{"id":3898,"date":"2024-06-07T14:18:39","date_gmt":"2024-06-07T14:18:39","guid":{"rendered":"https:\/\/bullseyetremblant.com\/?page_id=3898"},"modified":"2024-06-07T14:36:31","modified_gmt":"2024-06-07T14:36:31","slug":"elementor-3898","status":"publish","type":"page","link":"https:\/\/bullseyetremblant.com\/index.php\/fr\/elementor-3898\/","title":{"rendered":"Elementor #3898"},"content":{"rendered":"\t\t<div data-elementor-type=\"wp-page\" data-elementor-id=\"3898\" class=\"elementor elementor-3898\" data-elementor-post-type=\"page\">\n\t\t\t\t<div class=\"elementor-element elementor-element-4987dda9 e-con-full e-flex e-con e-parent\" data-id=\"4987dda9\" data-element_type=\"container\">\n\t\t<div class=\"elementor-element elementor-element-243f79af e-con-full e-flex e-con e-child\" data-id=\"243f79af\" data-element_type=\"container\" data-settings=\"{&quot;background_background&quot;:&quot;classic&quot;}\">\n\t\t\t\t<\/div>\n\t\t<div class=\"elementor-element elementor-element-5bc81c8e e-con-full e-flex e-con e-child\" data-id=\"5bc81c8e\" data-element_type=\"container\" id=\"ourmission\">\n\t\t\t\t<div class=\"elementor-element elementor-element-19651747 elementor-widget__width-initial elementor-widget-tablet__width-inherit elementor-invisible elementor-widget elementor-widget-text-editor\" data-id=\"19651747\" data-element_type=\"widget\" data-settings=\"{&quot;_animation&quot;:&quot;fadeIn&quot;,&quot;_animation_delay&quot;:200}\" data-widget_type=\"text-editor.default\">\n\t\t\t\t<div class=\"elementor-widget-container\">\n\t\t\t<style>\/*! elementor - v3.21.0 - 26-05-2024 *\/\n.elementor-widget-text-editor.elementor-drop-cap-view-stacked .elementor-drop-cap{background-color:#69727d;color:#fff}.elementor-widget-text-editor.elementor-drop-cap-view-framed .elementor-drop-cap{color:#69727d;border:3px solid;background-color:transparent}.elementor-widget-text-editor:not(.elementor-drop-cap-view-default) .elementor-drop-cap{margin-top:8px}.elementor-widget-text-editor:not(.elementor-drop-cap-view-default) .elementor-drop-cap-letter{width:1em;height:1em}.elementor-widget-text-editor .elementor-drop-cap{float:left;text-align:center;line-height:1;font-size:50px}.elementor-widget-text-editor .elementor-drop-cap-letter{display:inline-block}<\/style>\t\t\t\t<div><div><ul><li style=\"text-align: left;\">\u00a0<\/li><\/ul><h2><img decoding=\"async\" src=\"https:\/\/bullseyetremblant.com\/wp-content\/uploads\/2018\/05\/Logo-light.png\" alt=\"\" width=\"208\" height=\"80\" \/>\u00a0 SALOON &amp; GRILLADES<\/h2><\/div><\/div><div style=\"text-align: left;\">\u00a0<\/div><div style=\"text-align: left;\"><div><p>Depuis 10 ans, notre restaurant accueille parents, enfants et groupes \u00e0 la recherche d\u2019un authentique steakhouse o\u00f9 ils pourront d\u00e9guster les meilleures viandes grill\u00e9es ou fruits de mer, au d\u00e9jeuner ou au d\u00eener. De nombreuses sections th\u00e9matiques ont \u00e9t\u00e9 cr\u00e9\u00e9es pour r\u00e9pondre aux besoins de chacun, sous un m\u00eame toit.<\/p><\/div><\/div><div style=\"text-align: left;\"><p>C\u2019est une option de restaurant id\u00e9ale, peu importe ce que vous recherchez :<\/p><ul><li>Section romantique \u00e0 l&rsquo;arri\u00e8re pour une touche d&rsquo;intimit\u00e9<\/li><li>Section groupe \u2013 une salle priv\u00e9e pouvant accueillir jusqu\u2019\u00e0 80 personnes<\/li><li>Section familiale pour que vous puissiez profiter d&rsquo;un bon repas avec les enfants<\/li><li>Section bar pour adultes, couples ou c\u00e9libataires \u2013 id\u00e9ale pour l&rsquo;apr\u00e8s-ski<\/li><li><span style=\"background-color: var( --e-global-color-c696dce );\">Chaque fois que vous souhaitez savourer une d\u00e9licieuse boisson en bonne compagnie.<\/span><\/li><\/ul><p>Pendant la saison estivale, notre terrasse ext\u00e9rieure de la Place St-Bernard \u2013 avec barbecue \u2013 est ouverte pour vous offrir des hamburgers et des hot-dogs. Quel bel endroit pour bien manger, et rapidement, tout en profitant des activit\u00e9s de la place St-Bernard!<\/p><\/div>\t\t\t\t\t\t<\/div>\n\t\t\t\t<\/div>\n\t\t\t\t<\/div>\n\t\t\t\t<\/div>\n\t\t<div class=\"elementor-element elementor-element-49befc12 e-flex e-con-boxed e-con e-parent\" data-id=\"49befc12\" data-element_type=\"container\" data-settings=\"{&quot;background_background&quot;:&quot;classic&quot;}\">\n\t\t\t\t\t<div class=\"e-con-inner\">\n\t\t\t\t<div class=\"elementor-element elementor-element-cc44038 elementor-widget-tablet__width-initial elementor-widget-mobile__width-inherit elementor-widget__width-initial elementor-widget elementor-widget-text-editor\" data-id=\"cc44038\" data-element_type=\"widget\" data-widget_type=\"text-editor.default\">\n\t\t\t\t<div class=\"elementor-widget-container\">\n\t\t\t\t\t\t\t<div>\n<div>\n<h2><span style=\"color: #ffffff;\">GROUPES ET \u00c9V\u00c9NEMENTS<\/span><\/h2>\n<p><span style=\"color: #ffffff;\">Vous cherchez un endroit formidable pour votre prochain \u00e9v\u00e9nement? Le Bullseye est parfait pour tous les types de r\u00e9ceptions, petites ou grandes. Le restaurant est plus que \u00e9quip\u00e9 pour r\u00e9pondre \u00e0 tous vos besoins. Une salle priv\u00e9e est \u00e0 votre disposition et peut accueillir jusqu\u2019\u00e0 80 personnes pour un rassemblement plus intime. Vous pouvez \u00e9galement r\u00e9server l\u2019int\u00e9gralit\u00e9 du restaurant pour des groupes jusqu\u2019\u00e0 170 personnes.<\/span><\/p>\n<p><span style=\"color: #ffffff;\"><br><\/span><span style=\"color: #ffffff;\">Pour toute demande ou demande particuli\u00e8re pour les groupes, nous vous invitons \u00e0 communiquer avec nous par t\u00e9l\u00e9phone au 819-681-BULL (2855) ou par courriel \u00e0 info@bullseyetremblant.com et \u00e0 nous faire part de vos besoins. Nous vous proposerons alors la solution la plus appropri\u00e9e pour faire de votre \u00e9v\u00e9nement un succ\u00e8s. Animation \u00e9galement disponible : micro, DJ, groupe.<\/span><\/p>\n<p><span style=\"color: #ffffff;\"><br><\/span><span style=\"color: #ffffff;\">Un menu de groupe est disponible, qui varie selon les besoins et les demandes. Faites-nous savoir ce que vous pr\u00e9f\u00e9rez!<\/span><\/p>\n<\/div>\n<\/div>\n<div>\n<div>&nbsp;<\/div>\n<\/div>\t\t\t\t\t\t<\/div>\n\t\t\t\t<\/div>\n\t\t\t\t\t<\/div>\n\t\t\t\t<\/div>\n\t\t<div class=\"elementor-element elementor-element-5d14bc28 e-con-full e-flex e-con e-parent\" data-id=\"5d14bc28\" data-element_type=\"container\" data-settings=\"{&quot;background_background&quot;:&quot;classic&quot;}\">\n\t\t<div class=\"elementor-element elementor-element-7ad3d46e e-con-full e-flex e-con e-child\" data-id=\"7ad3d46e\" data-element_type=\"container\">\n\t\t\t\t<\/div>\n\t\t\t\t<\/div>\n\t\t<div class=\"elementor-element elementor-element-55aa298 e-flex e-con-boxed e-con e-parent\" data-id=\"55aa298\" data-element_type=\"container\">\n\t\t\t\t\t<div class=\"e-con-inner\">\n\t\t<div class=\"elementor-element elementor-element-5d9cdc8 e-con-full e-flex e-con e-child\" data-id=\"5d9cdc8\" data-element_type=\"container\">\n\t\t\t\t<div class=\"elementor-element elementor-element-9f98710 elementor-widget elementor-widget-text-editor\" data-id=\"9f98710\" data-element_type=\"widget\" data-widget_type=\"text-editor.default\">\n\t\t\t\t<div class=\"elementor-widget-container\">\n\t\t\t\t\t\t\t<div><div><h2>L\u2019\u00c9QUIPE<\/h2><p>Le propri\u00e9taire Sam et son \u00e9quipe sont l\u00e0 pour vous accueillir tous les jours. Si vous avez des questions ou souhaitez partager vos commentaires sur votre exp\u00e9rience au Bullseye, n\u2019h\u00e9sitez pas. Nous faisons de votre satisfaction une priorit\u00e9.<\/p><p>Si vous \u00eates \u00e0 la recherche d\u2019un emploi au restaurant au sein d\u2019une \u00e9quipe dynamique dans l\u2019un des endroits branch\u00e9s de Tremblant, envoyez votre CV \u00e0 info@bullseyetremblant.com.<\/p><p><br \/>Le Bullseye est une ambiance et un style de vie \u00e0 ne pas manquer !<\/p><\/div><p>\u00a0<\/p><div>\u00a0<\/div><\/div>\t\t\t\t\t\t<\/div>\n\t\t\t\t<\/div>\n\t\t\t\t<\/div>\n\t\t<div class=\"elementor-element elementor-element-ec2d788 e-con-full e-flex e-con e-child\" data-id=\"ec2d788\" data-element_type=\"container\">\n\t\t\t\t<div class=\"elementor-element elementor-element-c9f5497 elementor-widget elementor-widget-image\" data-id=\"c9f5497\" data-element_type=\"widget\" data-widget_type=\"image.default\">\n\t\t\t\t<div class=\"elementor-widget-container\">\n\t\t\t<style>\/*! elementor - v3.21.0 - 26-05-2024 *\/\n.elementor-widget-image{text-align:center}.elementor-widget-image a{display:inline-block}.elementor-widget-image a img[src$=\".svg\"]{width:48px}.elementor-widget-image img{vertical-align:middle;display:inline-block}<\/style>\t\t\t\t\t\t\t\t\t\t<img fetchpriority=\"high\" decoding=\"async\" width=\"535\" height=\"340\" src=\"https:\/\/bullseyetremblant.com\/wp-content\/uploads\/2018\/06\/about-bartender.jpg\" class=\"attachment-large size-large wp-image-3102\" alt=\"\" srcset=\"https:\/\/bullseyetremblant.com\/wp-content\/uploads\/2018\/06\/about-bartender.jpg 535w, https:\/\/bullseyetremblant.com\/wp-content\/uploads\/2018\/06\/about-bartender-300x191.jpg 300w\" sizes=\"(max-width: 34.9rem) calc(100vw - 2rem), (max-width: 53rem) calc(8 * (100vw \/ 12)), (min-width: 53rem) calc(6 * (100vw \/ 12)), 100vw\" \/>\t\t\t\t\t\t\t\t\t\t\t\t\t<\/div>\n\t\t\t\t<\/div>\n\t\t\t\t<\/div>\n\t\t\t\t\t<\/div>\n\t\t\t\t<\/div>\n\t\t\t\t<\/div>\n\t\t","protected":false},"excerpt":{"rendered":"<p>\u00a0 \u00a0 SALOON &amp; GRILLADES \u00a0 Depuis 10 ans, notre restaurant accueille parents, enfants et groupes \u00e0 la recherche d\u2019un authentique steakhouse o\u00f9 ils pourront d\u00e9guster les meilleures viandes grill\u00e9es ou fruits de mer, au d\u00e9jeuner ou au d\u00eener. De nombreuses sections th\u00e9matiques ont \u00e9t\u00e9 cr\u00e9\u00e9es pour r\u00e9pondre aux besoins de chacun, sous un m\u00eame &hellip; <\/p>\n<p class=\"link-more\"><a href=\"https:\/\/bullseyetremblant.com\/index.php\/fr\/elementor-3898\/\" class=\"more-link\">Continuer la lecture <span class=\"screen-reader-text\"> \u00ab\u00a0Elementor #3898\u00a0\u00bb<\/span><\/a><\/p>\n","protected":false},"author":1,"featured_media":0,"parent":0,"menu_order":0,"comment_status":"closed","ping_status":"closed","template":"elementor_header_footer","meta":{"footnotes":""},"_links":{"self":[{"href":"https:\/\/bullseyetremblant.com\/index.php\/wp-json\/wp\/v2\/pages\/3898"}],"collection":[{"href":"https:\/\/bullseyetremblant.com\/index.php\/wp-json\/wp\/v2\/pages"}],"about":[{"href":"https:\/\/bullseyetremblant.com\/index.php\/wp-json\/wp\/v2\/types\/page"}],"author":[{"embeddable":true,"href":"https:\/\/bullseyetremblant.com\/index.php\/wp-json\/wp\/v2\/users\/1"}],"replies":[{"embeddable":true,"href":"https:\/\/bullseyetremblant.com\/index.php\/wp-json\/wp\/v2\/comments?post=3898"}],"version-history":[{"count":10,"href":"https:\/\/bullseyetremblant.com\/index.php\/wp-json\/wp\/v2\/pages\/3898\/revisions"}],"predecessor-version":[{"id":3921,"href":"https:\/\/bullseyetremblant.com\/index.php\/wp-json\/wp\/v2\/pages\/3898\/revisions\/3921"}],"wp:attachment":[{"href":"https:\/\/bullseyetremblant.com\/index.php\/wp-json\/wp\/v2\/media?parent=3898"}],"curies":[{"name":"wp","href":"https:\/\/api.w.org\/{rel}","templated":true}]}}